{"id":11,"date":"2019-10-31T17:23:27","date_gmt":"2019-10-31T16:23:27","guid":{"rendered":"http:\/\/fc2t.fr\/?page_id=11"},"modified":"2022-05-16T18:32:00","modified_gmt":"2022-05-16T16:32:00","slug":"a-propos","status":"publish","type":"page","link":"https:\/\/fc2t.fr\/index.php\/a-propos\/","title":{"rendered":"\u00c0 propos"},"content":{"rendered":"\n<p>Fort de 18 ann\u00e9es d&#8217;exp\u00e9rience dans le monde de la traduction, Azerty Traductions change de nom : Formation\/Conseil en Techniques de Traduction&#8230; FC2T ! <\/p>\n\n\n\n<p>FC2T met l&#8217;accent sur les services de formation et de conseil dans le domaine des techniques de traduction &#8211; de la conception de filtres de fichiers \u00e0 la formation de vos \u00e9quipes, en passant par l&#8217;optimisation de vos proc\u00e9dures internes, je vous accompagne dans tous vos projets&#8230;<\/p>\n\n\n\n<p><em>Julien Poireau <\/em>&#8211; dirigeant de <strong>FC2T<\/strong><\/p>\n","protected":false},"excerpt":{"rendered":"<p>Fort de 18 ann\u00e9es d&#8217;exp\u00e9rience dans le monde de la traduction, Azerty Traductions change de nom : Formation\/Conseil en Techniques de Traduction&#8230; FC2T ! FC2T met l&#8217;accent sur les services de formation et de conseil dans le domaine des techniques de traduction &#8211; de la conception de filtres de fichiers \u00e0 la formation de vos [&hellip;]<\/p>\n","protected":false},"author":1,"featured_media":0,"parent":0,"menu_order":0,"comment_status":"closed","ping_status":"closed","template":"","meta":[],"_links":{"self":[{"href":"https:\/\/fc2t.fr\/index.php\/wp-json\/wp\/v2\/pages\/11"}],"collection":[{"href":"https:\/\/fc2t.fr\/index.php\/wp-json\/wp\/v2\/pages"}],"about":[{"href":"https:\/\/fc2t.fr\/index.php\/wp-json\/wp\/v2\/types\/page"}],"author":[{"embeddable":true,"href":"https:\/\/fc2t.fr\/index.php\/wp-json\/wp\/v2\/users\/1"}],"replies":[{"embeddable":true,"href":"https:\/\/fc2t.fr\/index.php\/wp-json\/wp\/v2\/comments?post=11"}],"version-history":[{"count":5,"href":"https:\/\/fc2t.fr\/index.php\/wp-json\/wp\/v2\/pages\/11\/revisions"}],"predecessor-version":[{"id":102,"href":"https:\/\/fc2t.fr\/index.php\/wp-json\/wp\/v2\/pages\/11\/revisions\/102"}],"wp:attachment":[{"href":"https:\/\/fc2t.fr\/index.php\/wp-json\/wp\/v2\/media?parent=11"}],"curies":[{"name":"wp","href":"https:\/\/api.w.org\/{rel}","templated":true}]}}